{"id":268,"date":"2022-06-24T07:52:40","date_gmt":"2022-06-24T05:52:40","guid":{"rendered":"https:\/\/osp-swarzedz.pl\/?page_id=268"},"modified":"2023-03-14T09:17:22","modified_gmt":"2023-03-14T08:17:22","slug":"statystyki-archiwalne-osp-swarzedz","status":"publish","type":"page","link":"https:\/\/osp-swarzedz.pl\/?page_id=268","title":{"rendered":"Statystyki archiwalne OSP Swarz\u0119dz"},"content":{"rendered":"\n<figure class=\"wp-block-table\"><table><tbody><tr><td><strong>Rok<\/strong><\/td><td><strong>Po\u017cary<\/strong><\/td><td><strong>Miejscowe zagro\u017cenia<\/strong><\/td><td><strong>Alarmy fa\u0142szywe<\/strong><\/td><td><strong>Suma<\/strong><\/td><\/tr><tr><td>2007<\/td><td>124<\/td><td>199<\/td><td>18<\/td><td>341<\/td><\/tr><tr><td>2008<\/td><td>123<\/td><td>161<\/td><td>17<\/td><td>301<\/td><\/tr><tr><td>2009<\/td><td>78<\/td><td>162<\/td><td>23<\/td><td>263<\/td><\/tr><tr><td>2010<\/td><td>103<\/td><td>198<\/td><td>20<\/td><td>321<\/td><\/tr><tr><td>2011<\/td><td>157<\/td><td>164<\/td><td>19<\/td><td>340<\/td><\/tr><tr><td>2012<\/td><td>159<\/td><td>131<\/td><td>20<\/td><td>310<\/td><\/tr><tr><td>2013<\/td><td>118<\/td><td>131<\/td><td>21<\/td><td>270<\/td><\/tr><tr><td>2014<\/td><td>131<\/td><td>186<\/td><td>40<\/td><td>357<\/td><\/tr><tr><td>2015<\/td><td>129<\/td><td>190<\/td><td>37<\/td><td>356<\/td><\/tr><tr><td>2016<\/td><td>94<\/td><td>173<\/td><td>51<\/td><td>318<\/td><\/tr><tr><td>2017<\/td><td>116<\/td><td>310<\/td><td>51<\/td><td>477<\/td><\/tr><tr><td>2018<\/td><td>117<\/td><td>199<\/td><td>64<\/td><td>380<\/td><\/tr><tr><td>2019<\/td><td>103<\/td><td>252<\/td><td>89<\/td><td>444<\/td><\/tr><tr><td>2020<\/td><td>110<\/td><td>239<\/td><td>70<\/td><td>419<\/td><\/tr><tr><td>2021<\/td><td>102<\/td><td>268<\/td><td>82<\/td><td>452<\/td><\/tr><tr><td>2022<\/td><td>84<\/td><td>294<\/td><td>71<\/td><td>449<\/td><\/tr><\/tbody><\/table><figcaption class=\"wp-element-caption\">https:\/\/osp-swarzedz.pl?page_id=268UMiG Swarz\u0119dz<\/figcaption><\/figure>\n","protected":false},"excerpt":{"rendered":"<p>Rok Po\u017cary Miejscowe zagro\u017cenia Alarmy fa\u0142szywe Suma 2007 124 199 18 341 2008 123 161 17 301 2009 78 162 23 263 2010 103 198 20 321 2011 157 164 19 340 2012 159 131 20 310 2013 118 131 21 270 2014 131 186 40 357 2015 129 190 37 356 2016 94 173&hellip; <br \/> <a class=\"read-more\" href=\"https:\/\/osp-swarzedz.pl\/?page_id=268\">Read more<\/a><\/p>\n","protected":false},"author":1,"featured_media":0,"parent":0,"menu_order":0,"comment_status":"closed","ping_status":"closed","template":"","meta":{"footnotes":""},"class_list":["post-268","page","type-page","status-publish","hentry"],"yoast_head":"<!-- This site is optimized with the Yoast SEO plugin v27.4 - https:\/\/yoast.com\/product\/yoast-seo-wordpress\/ -->\n<title>Statystyki archiwalne OSP Swarz\u0119dz - OSP Swarz\u0119dz<\/title>\n<meta name=\"robots\" content=\"index, follow, max-snippet:-1, max-image-preview:large, max-video-preview:-1\" \/>\n<link rel=\"canonical\" href=\"https:\/\/osp-swarzedz.pl\/?page_id=268\" \/>\n<meta property=\"og:locale\" content=\"en_US\" \/>\n<meta property=\"og:type\" content=\"article\" \/>\n<meta property=\"og:title\" content=\"Statystyki archiwalne OSP Swarz\u0119dz - OSP Swarz\u0119dz\" \/>\n<meta property=\"og:description\" content=\"Rok Po\u017cary Miejscowe zagro\u017cenia Alarmy fa\u0142szywe Suma 2007 124 199 18 341 2008 123 161 17 301 2009 78 162 23 263 2010 103 198 20 321 2011 157 164 19 340 2012 159 131 20 310 2013 118 131 21 270 2014 131 186 40 357 2015 129 190 37 356 2016 94 173&hellip; Read more\" \/>\n<meta property=\"og:url\" content=\"https:\/\/osp-swarzedz.pl\/?page_id=268\" \/>\n<meta property=\"og:site_name\" content=\"OSP Swarz\u0119dz\" \/>\n<meta property=\"article:modified_time\" content=\"2023-03-14T08:17:22+00:00\" \/>\n<meta name=\"twitter:card\" content=\"summary_large_image\" \/>\n<meta name=\"twitter:label1\" content=\"Est. reading time\" \/>\n\t<meta name=\"twitter:data1\" content=\"1 minute\" \/>\n<script type=\"application\/ld+json\" class=\"yoast-schema-graph\">{\"@context\":\"https:\\\/\\\/schema.org\",\"@graph\":[{\"@type\":\"WebPage\",\"@id\":\"https:\\\/\\\/osp-swarzedz.pl\\\/?page_id=268\",\"url\":\"https:\\\/\\\/osp-swarzedz.pl\\\/?page_id=268\",\"name\":\"Statystyki archiwalne OSP Swarz\u0119dz - OSP Swarz\u0119dz\",\"isPartOf\":{\"@id\":\"https:\\\/\\\/osp-swarzedz.pl\\\/#website\"},\"datePublished\":\"2022-06-24T05:52:40+00:00\",\"dateModified\":\"2023-03-14T08:17:22+00:00\",\"breadcrumb\":{\"@id\":\"https:\\\/\\\/osp-swarzedz.pl\\\/?page_id=268#breadcrumb\"},\"inLanguage\":\"en-US\",\"potentialAction\":[{\"@type\":\"ReadAction\",\"target\":[\"https:\\\/\\\/osp-swarzedz.pl\\\/?page_id=268\"]}]},{\"@type\":\"BreadcrumbList\",\"@id\":\"https:\\\/\\\/osp-swarzedz.pl\\\/?page_id=268#breadcrumb\",\"itemListElement\":[{\"@type\":\"ListItem\",\"position\":1,\"name\":\"Home\",\"item\":\"https:\\\/\\\/osp-swarzedz.pl\\\/\"},{\"@type\":\"ListItem\",\"position\":2,\"name\":\"Statystyki archiwalne OSP Swarz\u0119dz\"}]},{\"@type\":\"WebSite\",\"@id\":\"https:\\\/\\\/osp-swarzedz.pl\\\/#website\",\"url\":\"https:\\\/\\\/osp-swarzedz.pl\\\/\",\"name\":\"OSP Swarz\u0119dz\",\"description\":\"OSP Swarz\u0119dz\",\"publisher\":{\"@id\":\"https:\\\/\\\/osp-swarzedz.pl\\\/#organization\"},\"potentialAction\":[{\"@type\":\"SearchAction\",\"target\":{\"@type\":\"EntryPoint\",\"urlTemplate\":\"https:\\\/\\\/osp-swarzedz.pl\\\/?s={search_term_string}\"},\"query-input\":{\"@type\":\"PropertyValueSpecification\",\"valueRequired\":true,\"valueName\":\"search_term_string\"}}],\"inLanguage\":\"en-US\"},{\"@type\":\"Organization\",\"@id\":\"https:\\\/\\\/osp-swarzedz.pl\\\/#organization\",\"name\":\"OSP Swarz\u0119dz\",\"url\":\"https:\\\/\\\/osp-swarzedz.pl\\\/\",\"logo\":{\"@type\":\"ImageObject\",\"inLanguage\":\"en-US\",\"@id\":\"https:\\\/\\\/osp-swarzedz.pl\\\/#\\\/schema\\\/logo\\\/image\\\/\",\"url\":\"https:\\\/\\\/osp-swarzedz.pl\\\/wp-content\\\/uploads\\\/2022\\\/06\\\/logo-beztla.png\",\"contentUrl\":\"https:\\\/\\\/osp-swarzedz.pl\\\/wp-content\\\/uploads\\\/2022\\\/06\\\/logo-beztla.png\",\"width\":230,\"height\":230,\"caption\":\"OSP Swarz\u0119dz\"},\"image\":{\"@id\":\"https:\\\/\\\/osp-swarzedz.pl\\\/#\\\/schema\\\/logo\\\/image\\\/\"}}]}<\/script>\n<!-- \/ Yoast SEO plugin. -->","yoast_head_json":{"title":"Statystyki archiwalne OSP Swarz\u0119dz - OSP Swarz\u0119dz","robots":{"index":"index","follow":"follow","max-snippet":"max-snippet:-1","max-image-preview":"max-image-preview:large","max-video-preview":"max-video-preview:-1"},"canonical":"https:\/\/osp-swarzedz.pl\/?page_id=268","og_locale":"en_US","og_type":"article","og_title":"Statystyki archiwalne OSP Swarz\u0119dz - OSP Swarz\u0119dz","og_description":"Rok Po\u017cary Miejscowe zagro\u017cenia Alarmy fa\u0142szywe Suma 2007 124 199 18 341 2008 123 161 17 301 2009 78 162 23 263 2010 103 198 20 321 2011 157 164 19 340 2012 159 131 20 310 2013 118 131 21 270 2014 131 186 40 357 2015 129 190 37 356 2016 94 173&hellip; Read more","og_url":"https:\/\/osp-swarzedz.pl\/?page_id=268","og_site_name":"OSP Swarz\u0119dz","article_modified_time":"2023-03-14T08:17:22+00:00","twitter_card":"summary_large_image","twitter_misc":{"Est. reading time":"1 minute"},"schema":{"@context":"https:\/\/schema.org","@graph":[{"@type":"WebPage","@id":"https:\/\/osp-swarzedz.pl\/?page_id=268","url":"https:\/\/osp-swarzedz.pl\/?page_id=268","name":"Statystyki archiwalne OSP Swarz\u0119dz - OSP Swarz\u0119dz","isPartOf":{"@id":"https:\/\/osp-swarzedz.pl\/#website"},"datePublished":"2022-06-24T05:52:40+00:00","dateModified":"2023-03-14T08:17:22+00:00","breadcrumb":{"@id":"https:\/\/osp-swarzedz.pl\/?page_id=268#breadcrumb"},"inLanguage":"en-US","potentialAction":[{"@type":"ReadAction","target":["https:\/\/osp-swarzedz.pl\/?page_id=268"]}]},{"@type":"BreadcrumbList","@id":"https:\/\/osp-swarzedz.pl\/?page_id=268#breadcrumb","itemListElement":[{"@type":"ListItem","position":1,"name":"Home","item":"https:\/\/osp-swarzedz.pl\/"},{"@type":"ListItem","position":2,"name":"Statystyki archiwalne OSP Swarz\u0119dz"}]},{"@type":"WebSite","@id":"https:\/\/osp-swarzedz.pl\/#website","url":"https:\/\/osp-swarzedz.pl\/","name":"OSP Swarz\u0119dz","description":"OSP Swarz\u0119dz","publisher":{"@id":"https:\/\/osp-swarzedz.pl\/#organization"},"potentialAction":[{"@type":"SearchAction","target":{"@type":"EntryPoint","urlTemplate":"https:\/\/osp-swarzedz.pl\/?s={search_term_string}"},"query-input":{"@type":"PropertyValueSpecification","valueRequired":true,"valueName":"search_term_string"}}],"inLanguage":"en-US"},{"@type":"Organization","@id":"https:\/\/osp-swarzedz.pl\/#organization","name":"OSP Swarz\u0119dz","url":"https:\/\/osp-swarzedz.pl\/","logo":{"@type":"ImageObject","inLanguage":"en-US","@id":"https:\/\/osp-swarzedz.pl\/#\/schema\/logo\/image\/","url":"https:\/\/osp-swarzedz.pl\/wp-content\/uploads\/2022\/06\/logo-beztla.png","contentUrl":"https:\/\/osp-swarzedz.pl\/wp-content\/uploads\/2022\/06\/logo-beztla.png","width":230,"height":230,"caption":"OSP Swarz\u0119dz"},"image":{"@id":"https:\/\/osp-swarzedz.pl\/#\/schema\/logo\/image\/"}}]}},"_links":{"self":[{"href":"https:\/\/osp-swarzedz.pl\/index.php?rest_route=\/wp\/v2\/pages\/268","targetHints":{"allow":["GET"]}}],"collection":[{"href":"https:\/\/osp-swarzedz.pl\/index.php?rest_route=\/wp\/v2\/pages"}],"about":[{"href":"https:\/\/osp-swarzedz.pl\/index.php?rest_route=\/wp\/v2\/types\/page"}],"author":[{"embeddable":true,"href":"https:\/\/osp-swarzedz.pl\/index.php?rest_route=\/wp\/v2\/users\/1"}],"replies":[{"embeddable":true,"href":"https:\/\/osp-swarzedz.pl\/index.php?rest_route=%2Fwp%2Fv2%2Fcomments&post=268"}],"version-history":[{"count":2,"href":"https:\/\/osp-swarzedz.pl\/index.php?rest_route=\/wp\/v2\/pages\/268\/revisions"}],"predecessor-version":[{"id":351,"href":"https:\/\/osp-swarzedz.pl\/index.php?rest_route=\/wp\/v2\/pages\/268\/revisions\/351"}],"wp:attachment":[{"href":"https:\/\/osp-swarzedz.pl\/index.php?rest_route=%2Fwp%2Fv2%2Fmedia&parent=268"}],"curies":[{"name":"wp","href":"https:\/\/api.w.org\/{rel}","templated":true}]}}